{"id":1488,"date":"2022-03-04T03:42:59","date_gmt":"2022-03-04T03:42:59","guid":{"rendered":"https:\/\/www.leansales.es\/ls\/home-2\/"},"modified":"2023-09-25T11:38:28","modified_gmt":"2023-09-25T09:38:28","slug":"home-2","status":"publish","type":"page","link":"https:\/\/www.leansales.es\/ls\/","title":{"rendered":"Home"},"content":{"rendered":"\n<div class=\"wp-block-uagb-container uagb-block-0510ccec alignfull uagb-is-root-container\"><div class=\"uagb-container-inner-blocks-wrap\">\n<div class=\"wp-block-uagb-container uagb-block-5cb4b1bf\">\n<div class=\"wp-block-uagb-info-box uagb-block-7368a642 uagb-infobox__content-wrap  uagb-infobox-icon-above-title uagb-infobox-image-valign-top\"><div class=\"uagb-ifb-content\"><div class=\"uagb-ifb-title-wrap\"><span class=\"uagb-ifb-title-prefix\">Consultor\u00eda estrat\u00e9gica de ventas<\/span><h1 class=\"uagb-ifb-title\">Optimizamos y sistematizamos el proceso comercial<\/h1><\/div><p class=\"uagb-ifb-desc\"><strong>En Lean Sales, estamos dedicados a transformar la forma en que su empresa aborda las ventas. Somos una consultora especializada en estrategia de optimizaci\u00f3n de procesos y sistem\u00e1tica de venta que se enfoca en impulsar el rendimiento y los resultados de su negocio.<\/strong><\/p><\/div><\/div>\n<\/div>\n<\/div><\/div>\n\n\n\n<div class=\"wp-block-uagb-container uagb-block-7b830887 alignfull uagb-is-root-container\"><div class=\"uagb-container-inner-blocks-wrap\">\n<div class=\"wp-block-uagb-advanced-heading uagb-block-c4252b01\"><h3 class=\"uagb-heading-text\">\u00bfC\u00f3mo podemos ayudar?\u200b<\/h3><p class=\"uagb-desc-text\">Identificamos las desviaciones y fallos en sus procesos de venta actuales y dise\u00f1amos soluciones sistem\u00e1ticas para corregirlas.<\/p><\/div>\n\n\n\n<div class=\"wp-block-uagb-container uagb-block-4d4d48d6\">\n<div class=\"wp-block-uagb-container uagb-block-e35a1fde\">\n<div class=\"wp-block-uagb-info-box uagb-block-318f4bee uagb-infobox__content-wrap  uagb-infobox-icon-above-title uagb-infobox-image-valign-top\"><div class=\"uagb-ifb-content\"><div class=\"uagb-ifb-icon-wrap\"><svg xmlns=\"https:\/\/www.w3.org\/2000\/svg\" viewBox=\"0 0 512 512\"><path d=\"M500.3 443.7l-119.7-119.7c27.22-40.41 40.65-90.9 33.46-144.7C401.8 87.79 326.8 13.32 235.2 1.723C99.01-15.51-15.51 99.01 1.724 235.2c11.6 91.64 86.08 166.7 177.6 178.9c53.8 7.189 104.3-6.236 144.7-33.46l119.7 119.7c15.62 15.62 40.95 15.62 56.57 0C515.9 484.7 515.9 459.3 500.3 443.7zM79.1 208c0-70.58 57.42-128 128-128s128 57.42 128 128c0 70.58-57.42 128-128 128S79.1 278.6 79.1 208z\"><\/path><\/svg><\/div><div class=\"uagb-ifb-title-wrap\"><h4 class=\"uagb-ifb-title\"><strong>Identificamos<\/strong><\/h4><\/div><p class=\"uagb-ifb-desc\">Capturamos cada detalle cr\u00edtico de la operaci\u00f3n de ventas, proporcionando una base s\u00f3lida para el an\u00e1lisis.<\/p><\/div><\/div>\n<\/div>\n\n\n\n<div class=\"wp-block-uagb-container uagb-block-f0fb8981\">\n<div class=\"wp-block-uagb-info-box uagb-block-c2361e87 uagb-infobox__content-wrap  uagb-infobox-icon-above-title uagb-infobox-image-valign-top\"><div class=\"uagb-ifb-content\"><div class=\"uagb-ifb-icon-wrap\"><svg xmlns=\"https:\/\/www.w3.org\/2000\/svg\" viewBox=\"0 0 448 512\"><path d=\"M437.2 403.5L319.1 215L319.1 64h7.1c13.25 0 23.1-10.75 23.1-24l-.0002-16c0-13.25-10.75-24-23.1-24H120C106.8 0 96.01 10.75 96.01 24l-.0002 16c0 13.25 10.75 24 23.1 24h7.1L128 215l-117.2 188.5C-18.48 450.6 15.27 512 70.89 512h306.2C432.7 512 466.5 450.5 437.2 403.5zM137.1 320l48.15-77.63C189.8 237.3 191.9 230.8 191.9 224l.0651-160h63.99l-.06 160c0 6.875 2.25 13.25 5.875 18.38L309.9 320H137.1z\"><\/path><\/svg><\/div><div class=\"uagb-ifb-title-wrap\"><h4 class=\"uagb-ifb-title\"><strong><strong>Analizamos<\/strong><\/strong><\/h4><\/div><p class=\"uagb-ifb-desc\">Utilizamos datos precisos y an\u00e1lisis exhaustivos para revelar oportunidades y desaf\u00edos, identificando \u00e1reas de mejora claves.<\/p><\/div><\/div>\n<\/div>\n\n\n\n<div class=\"wp-block-uagb-container uagb-block-fb564294\">\n<div class=\"wp-block-uagb-info-box uagb-block-0a431fb6 uagb-infobox__content-wrap  uagb-infobox-icon-above-title uagb-infobox-image-valign-top\"><div class=\"uagb-ifb-content\"><div class=\"uagb-ifb-icon-wrap\"><svg xmlns=\"https:\/\/www.w3.org\/2000\/svg\" viewBox=\"0 0 384 512\"><path d=\"M112.1 454.3c0 6.297 1.816 12.44 5.284 17.69l17.14 25.69c5.25 7.875 17.17 14.28 26.64 14.28h61.67c9.438 0 21.36-6.401 26.61-14.28l17.08-25.68c2.938-4.438 5.348-12.37 5.348-17.7L272 415.1h-160L112.1 454.3zM191.4 .0132C89.44 .3257 16 82.97 16 175.1c0 44.38 16.44 84.84 43.56 115.8c16.53 18.84 42.34 58.23 52.22 91.45c.0313 .25 .0938 .5166 .125 .7823h160.2c.0313-.2656 .0938-.5166 .125-.7823c9.875-33.22 35.69-72.61 52.22-91.45C351.6 260.8 368 220.4 368 175.1C368 78.61 288.9-.2837 191.4 .0132zM192 96.01c-44.13 0-80 35.89-80 79.1C112 184.8 104.8 192 96 192S80 184.8 80 176c0-61.76 50.25-111.1 112-111.1c8.844 0 16 7.159 16 16S200.8 96.01 192 96.01z\"><\/path><\/svg><\/div><div class=\"uagb-ifb-title-wrap\"><h4 class=\"uagb-ifb-title\">Ideamos<\/h4><\/div><p class=\"uagb-ifb-desc\">Generamos ideas creativas y soluciones estrat\u00e9gicas, que transformar\u00e1n las ventas y gener\u00e1n valor.<\/p><\/div><\/div>\n<\/div>\n<\/div>\n\n\n\n<div class=\"wp-block-uagb-container uagb-block-ce86e2bb\">\n<div class=\"wp-block-uagb-container uagb-block-44e897c5\">\n<div class=\"wp-block-uagb-info-box uagb-block-aab0c17a uagb-infobox__content-wrap  uagb-infobox-icon-above-title uagb-infobox-image-valign-top\"><div class=\"uagb-ifb-content\"><div class=\"uagb-ifb-icon-wrap\"><svg xmlns=\"https:\/\/www.w3.org\/2000\/svg\" viewBox=\"0 0 512 512\"><path d=\"M511.6 36.86l-64 415.1c-1.5 9.734-7.375 18.22-15.97 23.05c-4.844 2.719-10.27 4.097-15.68 4.097c-4.188 0-8.319-.8154-12.29-2.472l-122.6-51.1l-50.86 76.29C226.3 508.5 219.8 512 212.8 512C201.3 512 192 502.7 192 491.2v-96.18c0-7.115 2.372-14.03 6.742-19.64L416 96l-293.7 264.3L19.69 317.5C8.438 312.8 .8125 302.2 .0625 289.1s5.469-23.72 16.06-29.77l448-255.1c10.69-6.109 23.88-5.547 34 1.406S513.5 24.72 511.6 36.86z\"><\/path><\/svg><\/div><div class=\"uagb-ifb-title-wrap\"><h4 class=\"uagb-ifb-title\"><strong><strong>Proponemos<\/strong><\/strong><\/h4><\/div><p class=\"uagb-ifb-desc\">Presentamos planes detallados y estrategias personalizadas, que impulsan el cambio y el crecimiento del negocio.<\/p><\/div><\/div>\n<\/div>\n\n\n\n<div class=\"wp-block-uagb-container uagb-block-6ecad6e4\">\n<div class=\"wp-block-uagb-info-box uagb-block-1e58973e uagb-infobox__content-wrap  uagb-infobox-icon-above-title uagb-infobox-image-valign-top\"><div class=\"uagb-ifb-content\"><div class=\"uagb-ifb-icon-wrap\"><svg xmlns=\"https:\/\/www.w3.org\/2000\/svg\" viewBox=\"0 0 576 512\"><path d=\"M32 48C32 21.49 53.49 0 80 0C106.5 0 128 21.49 128 48C128 74.51 106.5 96 80 96C53.49 96 32 74.51 32 48V48zM118.3 128C130.1 128 143.5 130.5 155.2 135.4L289.3 191.2C302.6 171.1 320.1 156.6 342.7 146.9L353.7 142C374.5 132.8 396.1 128 419.7 128C464.3 128 504.5 154.8 521.6 195.9L536.1 232.7L558.3 243.4C574.1 251.3 580.5 270.5 572.6 286.3C564.7 302.1 545.5 308.5 529.7 300.6L503 287.3C492.7 282.1 484.6 273.4 480.2 262.8L470.6 239.8L451.3 305.3L500.8 359.4C506.2 365.3 510.1 372.4 512 380.2L535 472.2C539.3 489.4 528.9 506.8 511.8 511C494.6 515.3 477.2 504.9 472.1 487.8L450.9 399.6L380.3 322.5C365.5 306.4 359.1 283.9 365.6 262.8L382.5 199.3C381.6 199.7 380.6 200.1 379.7 200.5L368.7 205.4C353.4 212.2 341.4 224.6 335.2 240.1L333.7 243.9C328.6 256.7 316.1 264.4 303 263.1C299.2 263.9 295.4 263.1 291.7 261.5L173.3 212.2L231.2 473.1C235.1 490.3 224.2 507.4 206.9 511.2C189.7 515.1 172.6 504.2 168.8 486.9L138.8 352H123.1L143.6 474.7C146.5 492.2 134.7 508.7 117.3 511.6C99.83 514.5 83.34 502.7 80.44 485.3L56.35 340.8C50.48 347.6 41.75 352 32 352C14.33 352 0 337.7 0 319.1V191.1C0 156.7 28.65 127.1 64 127.1L118.3 128zM416 48C416 21.49 437.5 0 464 0C490.5 0 512 21.49 512 48C512 74.51 490.5 96 464 96C437.5 96 416 74.51 416 48V48zM356.7 344.2L397.4 388.6L382.9 424.8C380.5 430.9 376.9 436.4 372.3 440.9L310.6 502.6C298.1 515.1 277.9 515.1 265.4 502.6C252.9 490.1 252.9 469.9 265.4 457.4L324.7 398L349.7 335.6C351.8 338.6 354.2 341.4 356.7 344.2H356.7z\"><\/path><\/svg><\/div><div class=\"uagb-ifb-title-wrap\"><h4 class=\"uagb-ifb-title\"><strong><strong><strong>Acompa\u00f1amos<\/strong><\/strong><\/strong><\/h4><\/div><p class=\"uagb-ifb-desc\">Acompa\u00f1amos en la ejecuci\u00f3n de nuestras estrategias, dando soporte a los equipos y analizando los resultados de la operaci\u00f3n.<\/p><\/div><\/div>\n<\/div>\n\n\n\n<div class=\"wp-block-uagb-container uagb-block-a021c308\">\n<div class=\"wp-block-uagb-info-box uagb-block-ddf22a23 uagb-infobox__content-wrap  uagb-infobox-icon-above-title uagb-infobox-image-valign-top\"><div class=\"uagb-ifb-content\"><div class=\"uagb-ifb-icon-wrap\"><svg xmlns=\"https:\/\/www.w3.org\/2000\/svg\" viewBox=\"0 0 512 512\"><path d=\"M32 32C49.67 32 64 46.33 64 64V400C64 408.8 71.16 416 80 416H480C497.7 416 512 430.3 512 448C512 465.7 497.7 480 480 480H80C35.82 480 0 444.2 0 400V64C0 46.33 14.33 32 32 32zM128 128C128 110.3 142.3 96 160 96H352C369.7 96 384 110.3 384 128C384 145.7 369.7 160 352 160H160C142.3 160 128 145.7 128 128zM288 192C305.7 192 320 206.3 320 224C320 241.7 305.7 256 288 256H160C142.3 256 128 241.7 128 224C128 206.3 142.3 192 160 192H288zM416 288C433.7 288 448 302.3 448 320C448 337.7 433.7 352 416 352H160C142.3 352 128 337.7 128 320C128 302.3 142.3 288 160 288H416z\"><\/path><\/svg><\/div><div class=\"uagb-ifb-title-wrap\"><h4 class=\"uagb-ifb-title\">Medimos<\/h4><\/div><p class=\"uagb-ifb-desc\">Establecemos KPIs claros para evaluar el impacto y medimos el progreso de los resultados en la ejecuci\u00f3n de la actividad con los equipos.<\/p><\/div><\/div>\n<\/div>\n<\/div>\n<\/div><\/div>\n\n\n\n<div class=\"wp-block-uagb-container uagb-block-dbe96949 alignfull uagb-is-root-container\"><div class=\"uagb-container-inner-blocks-wrap\">\n<div class=\"wp-block-uagb-advanced-heading uagb-block-609b96ec\"><h2 class=\"uagb-heading-text\">\u00bfQui\u00e9nes somos?<\/h2><p class=\"uagb-desc-text\">Un equipo profesional multidisciplinar, que sigue una metodolog\u00eda bien definida, que aporta soluciones claras y medibles a los procesos de venta de las empresas.<\/p><\/div>\n\n\n\n<div class=\"wp-block-uagb-container uagb-block-95751d1b\">\n<div class=\"wp-block-uagb-container uagb-block-598bfe60\"><\/div>\n\n\n\n<div class=\"wp-block-uagb-container uagb-block-1da022d5\"><div class=\"uagb-container__video-wrap\"><\/div>\n<div class=\"wp-block-uagb-info-box uagb-block-fe892ec1 uagb-infobox__content-wrap  uagb-infobox-icon-above-title uagb-infobox-image-valign-top\"><div class=\"uagb-ifb-content\"><div class=\"uagb-ifb-image-content\"><img decoding=\"async\" src=\"https:\/\/www.leansales.es\/ls\/wp-content\/uploads\/2023\/09\/ANGELGARRORENA-WEB-redondo.jpg\" alt=\"\" width=\"500\" height=\"512\" loading=\"lazy\"\/><\/div><div class=\"uagb-ifb-title-wrap\"><h4 class=\"uagb-ifb-title\">\u00c1ngel Garrorena<\/h4><\/div><p class=\"uagb-ifb-desc\">Fundador y Director Lean Sales<\/p><\/div><\/div>\n<\/div>\n\n\n\n<div class=\"wp-block-uagb-container uagb-block-a15f4204\"><\/div>\n<\/div>\n<\/div><\/div>\n\n\n\n<div class=\"wp-block-uagb-container uagb-block-5dda6de1 alignfull uagb-is-root-container\"><div class=\"uagb-container-inner-blocks-wrap\">\n<div class=\"wp-block-uagb-container uagb-block-26626bb7\">\n<div class=\"wp-block-uagb-container uagb-block-b1441541\">\n<div class=\"wp-block-uagb-advanced-heading uagb-block-90214b0c\"><h3 class=\"uagb-heading-text\">Cont\u00e1ctenos y explore las posibilidades\u200b<\/h3><p class=\"uagb-desc-text\">Descubra d\u00f3nde est\u00e1n las principales desviaciones de sus proceso de ventas.<\/p><\/div>\n<\/div>\n\n\n\n<div class=\"wp-block-uagb-container uagb-block-588ed46a\">\n<div class=\"wp-block-uagb-buttons uagb-buttons__outer-wrap uagb-btn__default-btn uagb-btn-tablet__default-btn uagb-btn-mobile__default-btn uagb-block-ac87207d\"><div class=\"uagb-buttons__wrap uagb-buttons-layout-wrap\">\n<div class=\"wp-block-uagb-buttons-child uagb-buttons__outer-wrap uagb-block-91758d1a wp-block-button\"><div class=\"uagb-button__wrapper\"><a class=\"uagb-buttons-repeater wp-block-button__link\" href=\"https:\/\/share.hsforms.com\/1hALd0ww3TCqLMQbDDTX7Ng5h915\" onclick=\"return true;\" rel=\"follow noopener\" target=\"_blank\"><div class=\"uagb-button__link\">Contactar<\/div><\/a><\/div><\/div>\n<\/div><\/div>\n<\/div>\n<\/div>\n<\/div><\/div>\n","protected":false},"excerpt":{"rendered":"<p>\u00bfC\u00f3mo podemos ayudar?\u200b Identificamos las desviaciones y fallos en sus procesos de venta actuales y dise\u00f1amos soluciones sistem\u00e1ticas para corregirlas. \u00bfQui\u00e9nes somos? Un equipo profesional multidisciplinar, que sigue una metodolog\u00eda bien definida, que aporta soluciones claras y medibles a los procesos de venta de las empresas. Cont\u00e1ctenos y explore las posibilidades\u200b Descubra d\u00f3nde est\u00e1n las [&hellip;]<\/p>\n","protected":false},"author":2,"featured_media":0,"parent":0,"menu_order":0,"comment_status":"closed","ping_status":"closed","template":"","meta":{"content-type":"","_uag_custom_page_level_css":"","site-sidebar-layout":"no-sidebar","site-content-layout":"page-builder","ast-site-content-layout":"full-width-container","site-content-style":"unboxed","site-sidebar-style":"unboxed","ast-global-header-display":"","ast-banner-title-visibility":"","ast-main-header-display":"","ast-hfb-above-header-display":"","ast-hfb-below-header-display":"","ast-hfb-mobile-header-display":"","site-post-title":"disabled","ast-breadcrumbs-content":"","ast-featured-img":"disabled","footer-sml-layout":"","theme-transparent-header-meta":"enabled","adv-header-id-meta":"","stick-header-meta":"","header-above-stick-meta":"","header-main-stick-meta":"","header-below-stick-meta":"","astra-migrate-meta-layouts":"set","ast-page-background-enabled":"default","ast-page-background-meta":{"desktop":{"background-color":"var(--ast-global-color-4)","background-image":"","background-repeat":"repeat","background-position":"center center","background-size":"auto","background-attachment":"scroll","background-type":"","background-media":"","overlay-type":"","overlay-color":"","overlay-opacity":"","overlay-gradient":""},"tablet":{"background-color":"","background-image":"","background-repeat":"repeat","background-position":"center center","background-size":"auto","background-attachment":"scroll","background-type":"","background-media":"","overlay-type":"","overlay-color":"","overlay-opacity":"","overlay-gradient":""},"mobile":{"background-color":"","background-image":"","background-repeat":"repeat","background-position":"center center","background-size":"auto","background-attachment":"scroll","background-type":"","background-media":"","overlay-type":"","overlay-color":"","overlay-opacity":"","overlay-gradient":""}},"ast-content-background-meta":{"desktop":{"background-color":"var(--ast-global-color-5)","background-image":"","background-repeat":"repeat","background-position":"center center","background-size":"auto","background-attachment":"scroll","background-type":"","background-media":"","overlay-type":"","overlay-color":"","overlay-opacity":"","overlay-gradient":""},"tablet":{"background-color":"var(--ast-global-color-5)","background-image":"","background-repeat":"repeat","background-position":"center center","background-size":"auto","background-attachment":"scroll","background-type":"","background-media":"","overlay-type":"","overlay-color":"","overlay-opacity":"","overlay-gradient":""},"mobile":{"background-color":"var(--ast-global-color-5)","background-image":"","background-repeat":"repeat","background-position":"center center","background-size":"auto","background-attachment":"scroll","background-type":"","background-media":"","overlay-type":"","overlay-color":"","overlay-opacity":"","overlay-gradient":""}},"footnotes":""},"class_list":["post-1488","page","type-page","status-publish","hentry"],"uagb_featured_image_src":{"full":false,"thumbnail":false,"medium":false,"medium_large":false,"large":false,"1536x1536":false,"2048x2048":false,"woocommerce_thumbnail":false,"woocommerce_single":false,"woocommerce_gallery_thumbnail":false},"uagb_author_info":{"display_name":"Angel Garrorena","author_link":"https:\/\/www.leansales.es\/ls\/author\/angel-garrorena\/"},"uagb_comment_info":0,"uagb_excerpt":"\u00bfC\u00f3mo podemos ayudar?\u200b Identificamos las desviaciones y fallos en sus procesos de venta actuales y dise\u00f1amos soluciones sistem\u00e1ticas para corregirlas. \u00bfQui\u00e9nes somos? Un equipo profesional multidisciplinar, que sigue una metodolog\u00eda bien definida, que aporta soluciones claras y medibles a los procesos de venta de las empresas. Cont\u00e1ctenos y explore las posibilidades\u200b Descubra d\u00f3nde est\u00e1n las&hellip;","_links":{"self":[{"href":"https:\/\/www.leansales.es\/ls\/wp-json\/wp\/v2\/pages\/1488","targetHints":{"allow":["GET"]}}],"collection":[{"href":"https:\/\/www.leansales.es\/ls\/wp-json\/wp\/v2\/pages"}],"about":[{"href":"https:\/\/www.leansales.es\/ls\/wp-json\/wp\/v2\/types\/page"}],"author":[{"embeddable":true,"href":"https:\/\/www.leansales.es\/ls\/wp-json\/wp\/v2\/users\/2"}],"replies":[{"embeddable":true,"href":"https:\/\/www.leansales.es\/ls\/wp-json\/wp\/v2\/comments?post=1488"}],"version-history":[{"count":24,"href":"https:\/\/www.leansales.es\/ls\/wp-json\/wp\/v2\/pages\/1488\/revisions"}],"predecessor-version":[{"id":15725,"href":"https:\/\/www.leansales.es\/ls\/wp-json\/wp\/v2\/pages\/1488\/revisions\/15725"}],"wp:attachment":[{"href":"https:\/\/www.leansales.es\/ls\/wp-json\/wp\/v2\/media?parent=1488"}],"curies":[{"name":"wp","href":"https:\/\/api.w.org\/{rel}","templated":true}]}}